{"id":215,"date":"2024-10-15T06:15:14","date_gmt":"2024-10-15T06:15:14","guid":{"rendered":"https:\/\/millauoutdoor.com\/?page_id=215"},"modified":"2026-04-16T10:01:41","modified_gmt":"2026-04-16T09:01:41","slug":"eau","status":"publish","type":"page","link":"https:\/\/millau-aventure.com\/en\/eau\/","title":{"rendered":"Water"},"content":{"rendered":"<div data-elementor-type=\"wp-page\" data-elementor-id=\"215\" class=\"elementor elementor-215\" data-elementor-post-type=\"page\">\n\t\t\t\t<div class=\"elementor-element elementor-element-332e205 e-flex e-con-boxed sc_layouts_column_icons_position_left e-con e-parent\" data-id=\"332e205\" data-element_type=\"container\" data-e-type=\"container\">\n\t\t\t\t\t<div class=\"e-con-inner\">\n\t\t<div class=\"elementor-element elementor-element-4a476d69 e-con-full e-flex sc_layouts_column_icons_position_left e-con e-child\" data-id=\"4a476d69\" data-element_type=\"container\" data-e-type=\"container\">\n\t\t\t\t<div data-animation-type=\"block\" class=\"elementor-element elementor-element-31a33e4 animation_type_block sc_fly_static elementor-invisible elementor-widget elementor-widget-heading\" data-id=\"31a33e4\" data-element_type=\"widget\" data-e-type=\"widget\" data-settings=\"{&quot;_animation&quot;:&quot;ta_fadeinup&quot;}\" data-widget_type=\"heading.default\">\n\t\t\t\t<div class=\"elementor-widget-container\">\n\t\t\t\t\t<h6 class=\"elementor-heading-title elementor-size-default\">Activit\u00e9s nautiques avec Millau Aventure<\/h6>\t\t\t\t<\/div>\n\t\t\t\t<\/div>\n\t\t\t\t<div data-animation-type=\"block\" class=\"elementor-element elementor-element-28bfebd0 animation_type_block sc_fly_static elementor-invisible elementor-widget elementor-widget-heading\" data-id=\"28bfebd0\" data-element_type=\"widget\" data-e-type=\"widget\" data-settings=\"{&quot;_animation&quot;:&quot;ta_fadeinup&quot;,&quot;_animation_delay&quot;:100}\" data-widget_type=\"heading.default\">\n\t\t\t\t<div class=\"elementor-widget-container\">\n\t\t\t\t\t<h1 class=\"elementor-heading-title elementor-size-default\">L\u2019Eau, terrain de libert\u00e9<\/h1>\t\t\t\t<\/div>\n\t\t\t\t<\/div>\n\t\t\t\t<div data-animation-type=\"block\" class=\"elementor-element elementor-element-207b1321 animation_type_block sc_fly_static elementor-invisible elementor-widget elementor-widget-text-editor\" data-id=\"207b1321\" data-element_type=\"widget\" data-e-type=\"widget\" data-settings=\"{&quot;_animation&quot;:&quot;ta_fadeinup&quot;,&quot;_animation_delay&quot;:100}\" data-widget_type=\"text-editor.default\">\n\t\t\t\t<div class=\"elementor-widget-container\">\n\t\t\t\t\t\t\t\t\t<p>Des activit\u00e9s accessibles \u00e0 tous pour d\u00e9couvrir Millau autrement, entre d\u00e9tente et paysages grandioses.<\/p>\t\t\t\t\t\t\t\t<\/div>\n\t\t\t\t<\/div>\n\t\t\t\t<\/div>\n\t\t<div class=\"elementor-element elementor-element-25ba6f85 e-grid e-con-full sc_layouts_column_icons_position_left e-con e-child\" data-id=\"25ba6f85\" data-element_type=\"container\" data-e-type=\"container\">\n\t\t<div data-animation-type=\"block\" class=\"elementor-element elementor-element-53b5d447 e-con-full e-flex sc_layouts_column_icons_position_left animation_type_block elementor-invisible e-con e-child\" data-id=\"53b5d447\" data-element_type=\"container\" data-e-type=\"container\" data-settings=\"{&quot;background_background&quot;:&quot;classic&quot;,&quot;animation&quot;:&quot;ta_fadeinup&quot;}\">\n\t\t\t\t<div class=\"elementor-element elementor-element-152745cd with-elementor-animation-trx_hover_zoom with-hover-on-widget trx-addons-info-box-top sc_fly_static elementor-widget elementor-widget-trx_elm_info_box\" data-id=\"152745cd\" data-element_type=\"widget\" data-e-type=\"widget\" data-settings=\"{&quot;icon_position&quot;:&quot;top&quot;}\" data-widget_type=\"trx_elm_info_box.default\">\n\t\t\t\t<div class=\"elementor-widget-container\">\n\t\t\t\t\t\t\t<div class=\"trx-addons-info-box-container\"><a class=\"trx-addons-info-box-container-link\" href=\"https:\/\/millau-aventure.com\/en\/canoe-8km\/\"><\/a><div class=\"trx-addons-info-box\">\n\t\t\t\t\t\t\t\t\t<div class=\"trx-addons-info-box-icon-wrap trx-addons-info-box-icon-type-image\">\t\t<span class=\"trx-addons-info-box-icon trx-addons-icon\">\n\t\t\t<span class=\"trx-addons-info-box-icon-inner elementor-animation-trx_hover_zoom\">\n\t\t\t\t<img fetchpriority=\"high\" decoding=\"async\" width=\"1536\" height=\"1023\" src=\"https:\/\/millau-aventure.com\/wp-content\/uploads\/2026\/03\/canoe-gorges-du-tarn-peyre-parcours-8km-1536x1023.jpg\" class=\"attachment-1536x1536 size-1536x1536 wp-image-3360\" alt=\"Descente du Tarn en cano\u00eb devant le village class\u00e9 de Peyre sur un parcours de 8 km\" srcset=\"https:\/\/millau-aventure.com\/wp-content\/uploads\/2026\/03\/canoe-gorges-du-tarn-peyre-parcours-8km-1536x1023.jpg 1536w, https:\/\/millau-aventure.com\/wp-content\/uploads\/2026\/03\/canoe-gorges-du-tarn-peyre-parcours-8km-300x200.jpg 300w, https:\/\/millau-aventure.com\/wp-content\/uploads\/2026\/03\/canoe-gorges-du-tarn-peyre-parcours-8km-1024x682.jpg 1024w, https:\/\/millau-aventure.com\/wp-content\/uploads\/2026\/03\/canoe-gorges-du-tarn-peyre-parcours-8km-768x512.jpg 768w, https:\/\/millau-aventure.com\/wp-content\/uploads\/2026\/03\/canoe-gorges-du-tarn-peyre-parcours-8km-2048x1364.jpg 2048w, https:\/\/millau-aventure.com\/wp-content\/uploads\/2026\/03\/canoe-gorges-du-tarn-peyre-parcours-8km-370x246.jpg 370w, https:\/\/millau-aventure.com\/wp-content\/uploads\/2026\/03\/canoe-gorges-du-tarn-peyre-parcours-8km-924x616.jpg 924w, https:\/\/millau-aventure.com\/wp-content\/uploads\/2026\/03\/canoe-gorges-du-tarn-peyre-parcours-8km-410x273.jpg 410w\" sizes=\"(max-width: 1536px) 100vw, 1536px\" \/>\t\t\t<\/span>\n\t\t<\/span>\n\t\t<\/div>\n\t\t\t\t\t\t\t\t<div class=\"trx-addons-info-box-content\">\n\t\t\t\t\t<div class=\"trx-addons-info-box-title-wrap\">\n\t\t\t\t\t\t\t\t\t\t\t\t\t<div class=\"trx-addons-info-box-title-container\">\n\t\t\t\t\t\t\t\t<h4 class=\"trx-addons-info-box-title\">Cano\u00eb 8 km \u2013 Accessible et nature<\/h4>\n\t\t\t\t\t\t\t<\/div>\n\t\t\t\t\t\t\t\t\t\t\t\t<\/div>\n\n\t\t\t\t\t\n\t\t\t\t\t\t\t\t\t\t\t<div class=\"trx-addons-info-box-description\">\n\t\t\t\t\t\t\t<p>Une descente id\u00e9ale pour d\u00e9couvrir les Gorges du Tarn en douceur, entre d\u00e9tente et paysages magnifiques.<\/p>\t\t\t\t\t\t<\/div>\n\t\t\t\t\t\t\t\t\t\t\t\t\t\t<\/div>\n\t\t\t<\/div>\n\t\t<\/div>\n\t\t\t\t\t\t<\/div>\n\t\t\t\t<\/div>\n\t\t\t\t<\/div>\n\t\t<div data-animation-type=\"block\" class=\"elementor-element elementor-element-17708d21 e-con-full e-flex sc_layouts_column_icons_position_left animation_type_block elementor-invisible e-con e-child\" data-id=\"17708d21\" data-element_type=\"container\" data-e-type=\"container\" data-settings=\"{&quot;background_background&quot;:&quot;classic&quot;,&quot;animation&quot;:&quot;ta_fadeinup&quot;,&quot;animation_delay&quot;:100}\">\n\t\t\t\t<div class=\"elementor-element elementor-element-5e8c4fa3 with-elementor-animation-trx_hover_zoom with-hover-on-widget trx-addons-info-box-top sc_fly_static elementor-widget elementor-widget-trx_elm_info_box\" data-id=\"5e8c4fa3\" data-element_type=\"widget\" data-e-type=\"widget\" data-settings=\"{&quot;icon_position&quot;:&quot;top&quot;}\" data-widget_type=\"trx_elm_info_box.default\">\n\t\t\t\t<div class=\"elementor-widget-container\">\n\t\t\t\t\t\t\t<div class=\"trx-addons-info-box-container\"><a class=\"trx-addons-info-box-container-link\" href=\"https:\/\/millau-aventure.com\/en\/canoe-parcours-12-km\/\"><\/a><div class=\"trx-addons-info-box\">\n\t\t\t\t\t\t\t\t\t<div class=\"trx-addons-info-box-icon-wrap trx-addons-info-box-icon-type-image\">\t\t<span class=\"trx-addons-info-box-icon trx-addons-icon\">\n\t\t\t<span class=\"trx-addons-info-box-icon-inner elementor-animation-trx_hover_zoom\">\n\t\t\t\t<img decoding=\"async\" width=\"1920\" height=\"1279\" src=\"https:\/\/millau-aventure.com\/wp-content\/uploads\/2026\/03\/canoe-rapides-tarn-20km.jpg\" class=\"attachment-full size-full wp-image-3382\" alt=\"Parcours long en cano\u00eb sur le Tarn avec rapides et sensations fortes\" srcset=\"https:\/\/millau-aventure.com\/wp-content\/uploads\/2026\/03\/canoe-rapides-tarn-20km.jpg 1920w, https:\/\/millau-aventure.com\/wp-content\/uploads\/2026\/03\/canoe-rapides-tarn-20km-300x200.jpg 300w, https:\/\/millau-aventure.com\/wp-content\/uploads\/2026\/03\/canoe-rapides-tarn-20km-1024x682.jpg 1024w, https:\/\/millau-aventure.com\/wp-content\/uploads\/2026\/03\/canoe-rapides-tarn-20km-768x512.jpg 768w, https:\/\/millau-aventure.com\/wp-content\/uploads\/2026\/03\/canoe-rapides-tarn-20km-1536x1023.jpg 1536w, https:\/\/millau-aventure.com\/wp-content\/uploads\/2026\/03\/canoe-rapides-tarn-20km-370x246.jpg 370w, https:\/\/millau-aventure.com\/wp-content\/uploads\/2026\/03\/canoe-rapides-tarn-20km-924x616.jpg 924w, https:\/\/millau-aventure.com\/wp-content\/uploads\/2026\/03\/canoe-rapides-tarn-20km-410x273.jpg 410w\" sizes=\"(max-width: 1920px) 100vw, 1920px\" \/>\t\t\t<\/span>\n\t\t<\/span>\n\t\t<\/div>\n\t\t\t\t\t\t\t\t<div class=\"trx-addons-info-box-content\">\n\t\t\t\t\t<div class=\"trx-addons-info-box-title-wrap\">\n\t\t\t\t\t\t\t\t\t\t\t\t\t<div class=\"trx-addons-info-box-title-container\">\n\t\t\t\t\t\t\t\t<h4 class=\"trx-addons-info-box-title\">Cano\u00eb 12 km \u2013 L\u2019\u00e9quilibre parfait<\/h4>\n\t\t\t\t\t\t\t<\/div>\n\t\t\t\t\t\t\t\t\t\t\t\t<\/div>\n\n\t\t\t\t\t\n\t\t\t\t\t\t\t\t\t\t\t<div class=\"trx-addons-info-box-description\">\n\t\t\t\t\t\t\t<p>Un parcours complet dans les Gorges de la Dourbie, m\u00ealant plaisir, nature et juste ce qu\u2019il faut de sensations.<\/p>\t\t\t\t\t\t<\/div>\n\t\t\t\t\t\t\t\t\t\t\t\t\t\t<\/div>\n\t\t\t<\/div>\n\t\t<\/div>\n\t\t\t\t\t\t<\/div>\n\t\t\t\t<\/div>\n\t\t\t\t<\/div>\n\t\t<div data-animation-type=\"block\" class=\"elementor-element elementor-element-4810ea95 e-con-full e-flex sc_layouts_column_icons_position_left animation_type_block elementor-invisible e-con e-child\" data-id=\"4810ea95\" data-element_type=\"container\" data-e-type=\"container\" data-settings=\"{&quot;background_background&quot;:&quot;classic&quot;,&quot;animation&quot;:&quot;ta_fadeinup&quot;,&quot;animation_delay&quot;:200}\">\n\t\t\t\t<div class=\"elementor-element elementor-element-2b548314 with-elementor-animation-trx_hover_zoom with-hover-on-widget trx-addons-info-box-top sc_fly_static elementor-widget elementor-widget-trx_elm_info_box\" data-id=\"2b548314\" data-element_type=\"widget\" data-e-type=\"widget\" data-settings=\"{&quot;icon_position&quot;:&quot;top&quot;}\" data-widget_type=\"trx_elm_info_box.default\">\n\t\t\t\t<div class=\"elementor-widget-container\">\n\t\t\t\t\t\t\t<div class=\"trx-addons-info-box-container\"><a class=\"trx-addons-info-box-container-link\" href=\"https:\/\/millau-aventure.com\/en\/canoe-parcours-20-km\/\"><\/a><div class=\"trx-addons-info-box\">\n\t\t\t\t\t\t\t\t\t<div class=\"trx-addons-info-box-icon-wrap trx-addons-info-box-icon-type-image\">\t\t<span class=\"trx-addons-info-box-icon trx-addons-icon\">\n\t\t\t<span class=\"trx-addons-info-box-icon-inner elementor-animation-trx_hover_zoom\">\n\t\t\t\t<img decoding=\"async\" width=\"1920\" height=\"1279\" src=\"https:\/\/millau-aventure.com\/wp-content\/uploads\/2026\/03\/canoe-viaduc-millau-parcours-12km.jpg\" class=\"attachment-full size-full wp-image-3381\" alt=\"Descente du Tarn en cano\u00eb avec passage sous le Viaduc de Millau pr\u00e8s de Millau\" srcset=\"https:\/\/millau-aventure.com\/wp-content\/uploads\/2026\/03\/canoe-viaduc-millau-parcours-12km.jpg 1920w, https:\/\/millau-aventure.com\/wp-content\/uploads\/2026\/03\/canoe-viaduc-millau-parcours-12km-300x200.jpg 300w, https:\/\/millau-aventure.com\/wp-content\/uploads\/2026\/03\/canoe-viaduc-millau-parcours-12km-1024x682.jpg 1024w, https:\/\/millau-aventure.com\/wp-content\/uploads\/2026\/03\/canoe-viaduc-millau-parcours-12km-768x512.jpg 768w, https:\/\/millau-aventure.com\/wp-content\/uploads\/2026\/03\/canoe-viaduc-millau-parcours-12km-1536x1023.jpg 1536w, https:\/\/millau-aventure.com\/wp-content\/uploads\/2026\/03\/canoe-viaduc-millau-parcours-12km-370x246.jpg 370w, https:\/\/millau-aventure.com\/wp-content\/uploads\/2026\/03\/canoe-viaduc-millau-parcours-12km-924x616.jpg 924w, https:\/\/millau-aventure.com\/wp-content\/uploads\/2026\/03\/canoe-viaduc-millau-parcours-12km-410x273.jpg 410w\" sizes=\"(max-width: 1920px) 100vw, 1920px\" \/>\t\t\t<\/span>\n\t\t<\/span>\n\t\t<\/div>\n\t\t\t\t\t\t\t\t<div class=\"trx-addons-info-box-content\">\n\t\t\t\t\t<div class=\"trx-addons-info-box-title-wrap\">\n\t\t\t\t\t\t\t\t\t\t\t\t\t<div class=\"trx-addons-info-box-title-container\">\n\t\t\t\t\t\t\t\t<h4 class=\"trx-addons-info-box-title\">Cano\u00eb 20 km \u2013 L\u2019aventure grandeur nature<\/h4>\n\t\t\t\t\t\t\t<\/div>\n\t\t\t\t\t\t\t\t\t\t\t\t<\/div>\n\n\t\t\t\t\t\n\t\t\t\t\t\t\t\t\t\t\t<div class=\"trx-addons-info-box-description\">\n\t\t\t\t\t\t\t<p>Une journ\u00e9e immersive au c\u0153ur des Gorges du Tarn et de la Dourbie pour les amateurs de longues escapades.<\/p>\t\t\t\t\t\t<\/div>\n\t\t\t\t\t\t\t\t\t\t\t\t\t\t<\/div>\n\t\t\t<\/div>\n\t\t<\/div>\n\t\t\t\t\t\t<\/div>\n\t\t\t\t<\/div>\n\t\t\t\t<\/div>\n\t\t<div data-animation-type=\"block\" class=\"elementor-element elementor-element-43725d7e e-con-full e-flex sc_layouts_column_icons_position_left animation_type_block elementor-invisible e-con e-child\" data-id=\"43725d7e\" data-element_type=\"container\" data-e-type=\"container\" data-settings=\"{&quot;background_background&quot;:&quot;classic&quot;,&quot;animation&quot;:&quot;ta_fadeinup&quot;,&quot;animation_delay&quot;:200}\">\n\t\t\t\t<div class=\"elementor-element elementor-element-560cfd97 with-elementor-animation-trx_hover_zoom with-hover-on-widget trx-addons-info-box-top sc_fly_static elementor-widget elementor-widget-trx_elm_info_box\" data-id=\"560cfd97\" data-element_type=\"widget\" data-e-type=\"widget\" data-settings=\"{&quot;icon_position&quot;:&quot;top&quot;}\" data-widget_type=\"trx_elm_info_box.default\">\n\t\t\t\t<div class=\"elementor-widget-container\">\n\t\t\t\t\t\t\t<div class=\"trx-addons-info-box-container\"><a class=\"trx-addons-info-box-container-link\" href=\"https:\/\/millau-aventure.com\/en\/stand-up-paddle\/\"><\/a><div class=\"trx-addons-info-box\">\n\t\t\t\t\t\t\t\t\t<div class=\"trx-addons-info-box-icon-wrap trx-addons-info-box-icon-type-image\">\t\t<span class=\"trx-addons-info-box-icon trx-addons-icon\">\n\t\t\t<span class=\"trx-addons-info-box-icon-inner elementor-animation-trx_hover_zoom\">\n\t\t\t\t<img loading=\"lazy\" decoding=\"async\" width=\"2074\" height=\"1040\" src=\"https:\/\/millau-aventure.com\/wp-content\/uploads\/2026\/03\/stand-up-paddle-descente-tarn-1.jpg\" class=\"attachment-full size-full wp-image-3487\" alt=\"Activit\u00e9 paddle sur le Tarn pour tous avec Millau Aventure\" srcset=\"https:\/\/millau-aventure.com\/wp-content\/uploads\/2026\/03\/stand-up-paddle-descente-tarn-1.jpg 2074w, https:\/\/millau-aventure.com\/wp-content\/uploads\/2026\/03\/stand-up-paddle-descente-tarn-1-300x150.jpg 300w, https:\/\/millau-aventure.com\/wp-content\/uploads\/2026\/03\/stand-up-paddle-descente-tarn-1-1024x513.jpg 1024w, https:\/\/millau-aventure.com\/wp-content\/uploads\/2026\/03\/stand-up-paddle-descente-tarn-1-768x385.jpg 768w, https:\/\/millau-aventure.com\/wp-content\/uploads\/2026\/03\/stand-up-paddle-descente-tarn-1-1536x770.jpg 1536w, https:\/\/millau-aventure.com\/wp-content\/uploads\/2026\/03\/stand-up-paddle-descente-tarn-1-2048x1027.jpg 2048w, https:\/\/millau-aventure.com\/wp-content\/uploads\/2026\/03\/stand-up-paddle-descente-tarn-1-370x186.jpg 370w, https:\/\/millau-aventure.com\/wp-content\/uploads\/2026\/03\/stand-up-paddle-descente-tarn-1-924x463.jpg 924w, https:\/\/millau-aventure.com\/wp-content\/uploads\/2026\/03\/stand-up-paddle-descente-tarn-1-410x206.jpg 410w\" sizes=\"(max-width: 2074px) 100vw, 2074px\" \/>\t\t\t<\/span>\n\t\t<\/span>\n\t\t<\/div>\n\t\t\t\t\t\t\t\t<div class=\"trx-addons-info-box-content\">\n\t\t\t\t\t<div class=\"trx-addons-info-box-title-wrap\">\n\t\t\t\t\t\t\t\t\t\t\t\t\t<div class=\"trx-addons-info-box-title-container\">\n\t\t\t\t\t\t\t\t<h4 class=\"trx-addons-info-box-title\">Paddle \u2013 Fun et libert\u00e9<\/h4>\n\t\t\t\t\t\t\t<\/div>\n\t\t\t\t\t\t\t\t\t\t\t\t<\/div>\n\n\t\t\t\t\t\n\t\t\t\t\t\t\t\t\t\t\t<div class=\"trx-addons-info-box-description\">\n\t\t\t\t\t\t\t<p>Glissez en toute libert\u00e9 sur le Tarn et profitez d\u2019un moment ludique et rafra\u00eechissant.<\/p>\t\t\t\t\t\t<\/div>\n\t\t\t\t\t\t\t\t\t\t\t\t\t\t<\/div>\n\t\t\t<\/div>\n\t\t<\/div>\n\t\t\t\t\t\t<\/div>\n\t\t\t\t<\/div>\n\t\t\t\t<\/div>\n\t\t<div data-animation-type=\"block\" class=\"elementor-element elementor-element-cf8028b e-con-full e-flex sc_layouts_column_icons_position_left animation_type_block elementor-invisible e-con e-child\" data-id=\"cf8028b\" data-element_type=\"container\" data-e-type=\"container\" data-settings=\"{&quot;background_background&quot;:&quot;classic&quot;,&quot;animation&quot;:&quot;ta_fadeinup&quot;,&quot;animation_delay&quot;:200}\">\n\t\t\t\t<div class=\"elementor-element elementor-element-993bd55 with-elementor-animation-trx_hover_zoom with-hover-on-widget trx-addons-info-box-top sc_fly_static elementor-widget elementor-widget-trx_elm_info_box\" data-id=\"993bd55\" data-element_type=\"widget\" data-e-type=\"widget\" data-settings=\"{&quot;icon_position&quot;:&quot;top&quot;}\" data-widget_type=\"trx_elm_info_box.default\">\n\t\t\t\t<div class=\"elementor-widget-container\">\n\t\t\t\t\t\t\t<div class=\"trx-addons-info-box-container\"><a class=\"trx-addons-info-box-container-link\" href=\"https:\/\/www.bateliersduviaduc.com\" target=\"_blank\" rel=\"noopener\"><\/a><div class=\"trx-addons-info-box\">\n\t\t\t\t\t\t\t\t\t<div class=\"trx-addons-info-box-icon-wrap trx-addons-info-box-icon-type-image\">\t\t<span class=\"trx-addons-info-box-icon trx-addons-icon\">\n\t\t\t<span class=\"trx-addons-info-box-icon-inner elementor-animation-trx_hover_zoom\">\n\t\t\t\t<img loading=\"lazy\" decoding=\"async\" width=\"900\" height=\"600\" src=\"https:\/\/millau-aventure.com\/wp-content\/uploads\/2026\/04\/bateliers-du-viaduc-tarn-viaduc-millau-aventure-1.jpg\" class=\"attachment-full size-full wp-image-3987\" alt=\"Barque descendant le Tarn avec Les Bateliers du Viaduc\" srcset=\"https:\/\/millau-aventure.com\/wp-content\/uploads\/2026\/04\/bateliers-du-viaduc-tarn-viaduc-millau-aventure-1.jpg 900w, https:\/\/millau-aventure.com\/wp-content\/uploads\/2026\/04\/bateliers-du-viaduc-tarn-viaduc-millau-aventure-1-300x200.jpg 300w, https:\/\/millau-aventure.com\/wp-content\/uploads\/2026\/04\/bateliers-du-viaduc-tarn-viaduc-millau-aventure-1-768x512.jpg 768w, https:\/\/millau-aventure.com\/wp-content\/uploads\/2026\/04\/bateliers-du-viaduc-tarn-viaduc-millau-aventure-1-370x247.jpg 370w, https:\/\/millau-aventure.com\/wp-content\/uploads\/2026\/04\/bateliers-du-viaduc-tarn-viaduc-millau-aventure-1-410x273.jpg 410w\" sizes=\"(max-width: 900px) 100vw, 900px\" \/>\t\t\t<\/span>\n\t\t<\/span>\n\t\t<\/div>\n\t\t\t\t\t\t\t\t<div class=\"trx-addons-info-box-content\">\n\t\t\t\t\t<div class=\"trx-addons-info-box-title-wrap\">\n\t\t\t\t\t\t\t\t\t\t\t\t\t<div class=\"trx-addons-info-box-title-container\">\n\t\t\t\t\t\t\t\t<h4 class=\"trx-addons-info-box-title\">The Boatmen of the Viaduct<\/h4>\n\t\t\t\t\t\t\t<\/div>\n\t\t\t\t\t\t\t\t\t\t\t\t<\/div>\n\n\t\t\t\t\t\n\t\t\t\t\t\t\t\t\t\t\t<div class=\"trx-addons-info-box-description\">\n\t\t\t\t\t\t\t<p>Une balade paisible en barque sous l\u2019un des plus grands viaducs du monde.<\/p>\t\t\t\t\t\t<\/div>\n\t\t\t\t\t\t\t\t\t\t\t\t\t\t<\/div>\n\t\t\t<\/div>\n\t\t<\/div>\n\t\t\t\t\t\t<\/div>\n\t\t\t\t<\/div>\n\t\t\t\t<\/div>\n\t\t\t\t<\/div>\n\t\t\t\t\t<\/div>\n\t\t\t\t<\/div>\n\t\t\t\t<\/div>","protected":false},"excerpt":{"rendered":"<p>Activit\u00e9s nautiques avec Millau Aventure L\u2019Eau, terrain de libert\u00e9 Des activit\u00e9s accessibles \u00e0&hellip;<\/p>","protected":false},"author":2,"featured_media":3365,"parent":0,"menu_order":0,"comment_status":"closed","ping_status":"closed","template":"","meta":{"footnotes":""},"class_list":["post-215","page","type-page","status-publish","has-post-thumbnail","hentry"],"_links":{"self":[{"href":"https:\/\/millau-aventure.com\/en\/wp-json\/wp\/v2\/pages\/215","targetHints":{"allow":["GET"]}}],"collection":[{"href":"https:\/\/millau-aventure.com\/en\/wp-json\/wp\/v2\/pages"}],"about":[{"href":"https:\/\/millau-aventure.com\/en\/wp-json\/wp\/v2\/types\/page"}],"author":[{"embeddable":true,"href":"https:\/\/millau-aventure.com\/en\/wp-json\/wp\/v2\/users\/2"}],"replies":[{"embeddable":true,"href":"https:\/\/millau-aventure.com\/en\/wp-json\/wp\/v2\/comments?post=215"}],"version-history":[{"count":22,"href":"https:\/\/millau-aventure.com\/en\/wp-json\/wp\/v2\/pages\/215\/revisions"}],"predecessor-version":[{"id":3990,"href":"https:\/\/millau-aventure.com\/en\/wp-json\/wp\/v2\/pages\/215\/revisions\/3990"}],"wp:featuredmedia":[{"embeddable":true,"href":"https:\/\/millau-aventure.com\/en\/wp-json\/wp\/v2\/media\/3365"}],"wp:attachment":[{"href":"https:\/\/millau-aventure.com\/en\/wp-json\/wp\/v2\/media?parent=215"}],"curies":[{"name":"wp","href":"https:\/\/api.w.org\/{rel}","templated":true}]}}