{"id":3550,"date":"2026-03-31T10:32:41","date_gmt":"2026-03-31T09:32:41","guid":{"rendered":"https:\/\/millauoutdoor.com\/?page_id=3550"},"modified":"2026-04-16T08:40:32","modified_gmt":"2026-04-16T07:40:32","slug":"air","status":"publish","type":"page","link":"https:\/\/millau-aventure.com\/en\/air\/","title":{"rendered":"Air"},"content":{"rendered":"<div data-elementor-type=\"wp-page\" data-elementor-id=\"3550\" class=\"elementor elementor-3550\" data-elementor-post-type=\"page\">\n\t\t\t\t<div class=\"elementor-element elementor-element-332e205 e-flex e-con-boxed sc_layouts_column_icons_position_left e-con e-parent\" data-id=\"332e205\" data-element_type=\"container\" data-e-type=\"container\">\n\t\t\t\t\t<div class=\"e-con-inner\">\n\t\t<div class=\"elementor-element elementor-element-4a476d69 e-con-full e-flex sc_layouts_column_icons_position_left e-con e-child\" data-id=\"4a476d69\" data-element_type=\"container\" data-e-type=\"container\">\n\t\t\t\t<div data-animation-type=\"block\" class=\"elementor-element elementor-element-31a33e4 animation_type_block sc_fly_static elementor-invisible elementor-widget elementor-widget-heading\" data-id=\"31a33e4\" data-element_type=\"widget\" data-e-type=\"widget\" data-settings=\"{&quot;_animation&quot;:&quot;ta_fadeinup&quot;}\" data-widget_type=\"heading.default\">\n\t\t\t\t<div class=\"elementor-widget-container\">\n\t\t\t\t\t<h6 class=\"elementor-heading-title elementor-size-default\">Activit\u00e9s a\u00e9riennes avec Millau Aventure<\/h6>\t\t\t\t<\/div>\n\t\t\t\t<\/div>\n\t\t\t\t<div data-animation-type=\"block\" class=\"elementor-element elementor-element-28bfebd0 animation_type_block sc_fly_static elementor-invisible elementor-widget elementor-widget-heading\" data-id=\"28bfebd0\" data-element_type=\"widget\" data-e-type=\"widget\" data-settings=\"{&quot;_animation&quot;:&quot;ta_fadeinup&quot;,&quot;_animation_delay&quot;:100}\" data-widget_type=\"heading.default\">\n\t\t\t\t<div class=\"elementor-widget-container\">\n\t\t\t\t\t<h1 class=\"elementor-heading-title elementor-size-default\">Prenez de la hauteur, vivez l\u2019intensit\u00e9<\/h1>\t\t\t\t<\/div>\n\t\t\t\t<\/div>\n\t\t\t\t<div data-animation-type=\"block\" class=\"elementor-element elementor-element-207b1321 animation_type_block sc_fly_static elementor-invisible elementor-widget elementor-widget-text-editor\" data-id=\"207b1321\" data-element_type=\"widget\" data-e-type=\"widget\" data-settings=\"{&quot;_animation&quot;:&quot;ta_fadeinup&quot;,&quot;_animation_delay&quot;:100}\" data-widget_type=\"text-editor.default\">\n\t\t\t\t<div class=\"elementor-widget-container\">\n\t\t\t\t\t\t\t\t\t<p>Faites le plein d\u2019adr\u00e9naline \u00e0 <span class=\"hover:entity-accent entity-underline inline cursor-pointer align-baseline\"><span class=\"whitespace-normal\">Millau<\/span><\/span> entre ciel, falaises et panoramas vertigineux.<\/p>\t\t\t\t\t\t\t\t<\/div>\n\t\t\t\t<\/div>\n\t\t\t\t<\/div>\n\t\t<div class=\"elementor-element elementor-element-25ba6f85 e-grid e-con-full sc_layouts_column_icons_position_left e-con e-child\" data-id=\"25ba6f85\" data-element_type=\"container\" data-e-type=\"container\">\n\t\t<div data-animation-type=\"block\" class=\"elementor-element elementor-element-53b5d447 e-con-full e-flex sc_layouts_column_icons_position_left animation_type_block elementor-invisible e-con e-child\" data-id=\"53b5d447\" data-element_type=\"container\" data-e-type=\"container\" data-settings=\"{&quot;background_background&quot;:&quot;classic&quot;,&quot;animation&quot;:&quot;ta_fadeinup&quot;}\">\n\t\t\t\t<div class=\"elementor-element elementor-element-152745cd with-elementor-animation-trx_hover_zoom with-hover-on-widget trx-addons-info-box-top sc_fly_static elementor-widget elementor-widget-trx_elm_info_box\" data-id=\"152745cd\" data-element_type=\"widget\" data-e-type=\"widget\" data-settings=\"{&quot;icon_position&quot;:&quot;top&quot;}\" data-widget_type=\"trx_elm_info_box.default\">\n\t\t\t\t<div class=\"elementor-widget-container\">\n\t\t\t\t\t\t\t<div class=\"trx-addons-info-box-container\"><a class=\"trx-addons-info-box-container-link\" href=\"https:\/\/millau-aventure.com\/en\/parapente\/\"><\/a><div class=\"trx-addons-info-box\">\n\t\t\t\t\t\t\t\t\t<div class=\"trx-addons-info-box-icon-wrap trx-addons-info-box-icon-type-image\">\t\t<span class=\"trx-addons-info-box-icon trx-addons-icon\">\n\t\t\t<span class=\"trx-addons-info-box-icon-inner elementor-animation-trx_hover_zoom\">\n\t\t\t\t<img fetchpriority=\"high\" decoding=\"async\" width=\"1536\" height=\"1025\" src=\"https:\/\/millau-aventure.com\/wp-content\/uploads\/2026\/03\/parapente-biplace-millau-viaduc-1-1536x1025.jpeg\" class=\"attachment-1536x1536 size-1536x1536 wp-image-3523\" alt=\"Parapente biplace au-dessus de Millau avec vue sur le Viaduc de Millau\" srcset=\"https:\/\/millau-aventure.com\/wp-content\/uploads\/2026\/03\/parapente-biplace-millau-viaduc-1-1536x1025.jpeg 1536w, https:\/\/millau-aventure.com\/wp-content\/uploads\/2026\/03\/parapente-biplace-millau-viaduc-1-300x200.jpeg 300w, https:\/\/millau-aventure.com\/wp-content\/uploads\/2026\/03\/parapente-biplace-millau-viaduc-1-1024x684.jpeg 1024w, https:\/\/millau-aventure.com\/wp-content\/uploads\/2026\/03\/parapente-biplace-millau-viaduc-1-768x513.jpeg 768w, https:\/\/millau-aventure.com\/wp-content\/uploads\/2026\/03\/parapente-biplace-millau-viaduc-1-2048x1367.jpeg 2048w, https:\/\/millau-aventure.com\/wp-content\/uploads\/2026\/03\/parapente-biplace-millau-viaduc-1-370x247.jpeg 370w, https:\/\/millau-aventure.com\/wp-content\/uploads\/2026\/03\/parapente-biplace-millau-viaduc-1-924x617.jpeg 924w, https:\/\/millau-aventure.com\/wp-content\/uploads\/2026\/03\/parapente-biplace-millau-viaduc-1-410x274.jpeg 410w\" sizes=\"(max-width: 1536px) 100vw, 1536px\" \/>\t\t\t<\/span>\n\t\t<\/span>\n\t\t<\/div>\n\t\t\t\t\t\t\t\t<div class=\"trx-addons-info-box-content\">\n\t\t\t\t\t<div class=\"trx-addons-info-box-title-wrap\">\n\t\t\t\t\t\t\t\t\t\t\t\t\t<div class=\"trx-addons-info-box-title-container\">\n\t\t\t\t\t\t\t\t<h4 class=\"trx-addons-info-box-title\">Parapente \u2013 Le grand frisson<\/h4>\n\t\t\t\t\t\t\t<\/div>\n\t\t\t\t\t\t\t\t\t\t\t\t<\/div>\n\n\t\t\t\t\t\n\t\t\t\t\t\t\t\t\t\t\t<div class=\"trx-addons-info-box-description\">\n\t\t\t\t\t\t\t<p data-start=\"99\" data-end=\"278\">Envolez-vous au-dessus de <span class=\"hover:entity-accent entity-underline inline cursor-pointer align-baseline\"><span class=\"whitespace-normal\">Millau<\/span><\/span> et vivez une exp\u00e9rience unique entre adr\u00e9naline et libert\u00e9.<\/p>\t\t\t\t\t\t<\/div>\n\t\t\t\t\t\t\t\t\t\t\t\t\t\t<\/div>\n\t\t\t<\/div>\n\t\t<\/div>\n\t\t\t\t\t\t<\/div>\n\t\t\t\t<\/div>\n\t\t\t\t<\/div>\n\t\t<div data-animation-type=\"block\" class=\"elementor-element elementor-element-17708d21 e-con-full e-flex sc_layouts_column_icons_position_left animation_type_block elementor-invisible e-con e-child\" data-id=\"17708d21\" data-element_type=\"container\" data-e-type=\"container\" data-settings=\"{&quot;background_background&quot;:&quot;classic&quot;,&quot;animation&quot;:&quot;ta_fadeinup&quot;,&quot;animation_delay&quot;:100}\">\n\t\t\t\t<div class=\"elementor-element elementor-element-5e8c4fa3 with-elementor-animation-trx_hover_zoom with-hover-on-widget trx-addons-info-box-top sc_fly_static elementor-widget elementor-widget-trx_elm_info_box\" data-id=\"5e8c4fa3\" data-element_type=\"widget\" data-e-type=\"widget\" data-settings=\"{&quot;icon_position&quot;:&quot;top&quot;}\" data-widget_type=\"trx_elm_info_box.default\">\n\t\t\t\t<div class=\"elementor-widget-container\">\n\t\t\t\t\t\t\t<div class=\"trx-addons-info-box-container\"><a class=\"trx-addons-info-box-container-link\" href=\"https:\/\/millau-aventure.com\/en\/via-ferrata\/\"><\/a><div class=\"trx-addons-info-box\">\n\t\t\t\t\t\t\t\t\t<div class=\"trx-addons-info-box-icon-wrap trx-addons-info-box-icon-type-image\">\t\t<span class=\"trx-addons-info-box-icon trx-addons-icon\">\n\t\t\t<span class=\"trx-addons-info-box-icon-inner elementor-animation-trx_hover_zoom\">\n\t\t\t\t<img decoding=\"async\" width=\"1920\" height=\"1280\" src=\"https:\/\/millau-aventure.com\/wp-content\/uploads\/2026\/03\/1920.webp\" class=\"attachment-full size-full wp-image-3472\" alt=\"\" srcset=\"https:\/\/millau-aventure.com\/wp-content\/uploads\/2026\/03\/1920.webp 1920w, https:\/\/millau-aventure.com\/wp-content\/uploads\/2026\/03\/1920-300x200.webp 300w, https:\/\/millau-aventure.com\/wp-content\/uploads\/2026\/03\/1920-1024x683.webp 1024w, https:\/\/millau-aventure.com\/wp-content\/uploads\/2026\/03\/1920-768x512.webp 768w, https:\/\/millau-aventure.com\/wp-content\/uploads\/2026\/03\/1920-1536x1024.webp 1536w, https:\/\/millau-aventure.com\/wp-content\/uploads\/2026\/03\/1920-370x247.webp 370w, https:\/\/millau-aventure.com\/wp-content\/uploads\/2026\/03\/1920-924x616.webp 924w, https:\/\/millau-aventure.com\/wp-content\/uploads\/2026\/03\/1920-410x273.webp 410w\" sizes=\"(max-width: 1920px) 100vw, 1920px\" \/>\t\t\t<\/span>\n\t\t<\/span>\n\t\t<\/div>\n\t\t\t\t\t\t\t\t<div class=\"trx-addons-info-box-content\">\n\t\t\t\t\t<div class=\"trx-addons-info-box-title-wrap\">\n\t\t\t\t\t\t\t\t\t\t\t\t\t<div class=\"trx-addons-info-box-title-container\">\n\t\t\t\t\t\t\t\t<h4 class=\"trx-addons-info-box-title\">Via Ferrata \u2013 L\u2019aventure verticale<\/h4>\n\t\t\t\t\t\t\t<\/div>\n\t\t\t\t\t\t\t\t\t\t\t\t<\/div>\n\n\t\t\t\t\t\n\t\t\t\t\t\t\t\t\t\t\t<div class=\"trx-addons-info-box-description\">\n\t\t\t\t\t\t\t<p data-start=\"306\" data-end=\"453\">Progressez le long des falaises et d\u00e9passez-vous face \u00e0 des panoramas spectaculaires.<\/p>\t\t\t\t\t\t<\/div>\n\t\t\t\t\t\t\t\t\t\t\t\t\t\t<\/div>\n\t\t\t<\/div>\n\t\t<\/div>\n\t\t\t\t\t\t<\/div>\n\t\t\t\t<\/div>\n\t\t\t\t<\/div>\n\t\t\t\t<\/div>\n\t\t\t\t\t<\/div>\n\t\t\t\t<\/div>\n\t\t\t\t<\/div>","protected":false},"excerpt":{"rendered":"<p>Activit\u00e9s a\u00e9riennes avec Millau Aventure Prenez de la hauteur, vivez l\u2019intensit\u00e9 Faites le&hellip;<\/p>","protected":false},"author":2,"featured_media":3534,"parent":0,"menu_order":0,"comment_status":"closed","ping_status":"closed","template":"","meta":{"footnotes":""},"class_list":["post-3550","page","type-page","status-publish","has-post-thumbnail","hentry"],"_links":{"self":[{"href":"https:\/\/millau-aventure.com\/en\/wp-json\/wp\/v2\/pages\/3550","targetHints":{"allow":["GET"]}}],"collection":[{"href":"https:\/\/millau-aventure.com\/en\/wp-json\/wp\/v2\/pages"}],"about":[{"href":"https:\/\/millau-aventure.com\/en\/wp-json\/wp\/v2\/types\/page"}],"author":[{"embeddable":true,"href":"https:\/\/millau-aventure.com\/en\/wp-json\/wp\/v2\/users\/2"}],"replies":[{"embeddable":true,"href":"https:\/\/millau-aventure.com\/en\/wp-json\/wp\/v2\/comments?post=3550"}],"version-history":[{"count":37,"href":"https:\/\/millau-aventure.com\/en\/wp-json\/wp\/v2\/pages\/3550\/revisions"}],"predecessor-version":[{"id":3938,"href":"https:\/\/millau-aventure.com\/en\/wp-json\/wp\/v2\/pages\/3550\/revisions\/3938"}],"wp:featuredmedia":[{"embeddable":true,"href":"https:\/\/millau-aventure.com\/en\/wp-json\/wp\/v2\/media\/3534"}],"wp:attachment":[{"href":"https:\/\/millau-aventure.com\/en\/wp-json\/wp\/v2\/media?parent=3550"}],"curies":[{"name":"wp","href":"https:\/\/api.w.org\/{rel}","templated":true}]}}