{"id":470,"date":"2024-10-24T13:40:04","date_gmt":"2024-10-24T13:40:04","guid":{"rendered":"https:\/\/millauoutdoor.com\/?page_id=470"},"modified":"2026-04-16T08:57:37","modified_gmt":"2026-04-16T07:57:37","slug":"contact","status":"publish","type":"page","link":"https:\/\/millau-aventure.com\/en\/contact\/","title":{"rendered":"Contact"},"content":{"rendered":"\t\t<div data-elementor-type=\"wp-page\" data-elementor-id=\"470\" class=\"elementor elementor-470\" data-elementor-post-type=\"page\">\n\t\t\t\t<div class=\"elementor-element elementor-element-2440a96 e-flex e-con-boxed sc_layouts_column_icons_position_left e-con e-parent\" data-id=\"2440a96\" data-element_type=\"container\" data-e-type=\"container\">\n\t\t\t\t\t<div class=\"e-con-inner\">\n\t\t\t\t<div data-animation-type=\"block\" class=\"elementor-element elementor-element-3903401 animation_type_block sc_fly_static elementor-invisible elementor-widget elementor-widget-heading\" data-id=\"3903401\" data-element_type=\"widget\" data-e-type=\"widget\" data-settings=\"{&quot;_animation&quot;:&quot;ta_fadeinup&quot;}\" data-widget_type=\"heading.default\">\n\t\t\t\t<div class=\"elementor-widget-container\">\n\t\t\t\t\t<h6 class=\"elementor-heading-title elementor-size-default\">Votre aventure commence ici<\/h6>\t\t\t\t<\/div>\n\t\t\t\t<\/div>\n\t\t<div class=\"elementor-element elementor-element-93639b1 e-con-full e-flex sc_layouts_column_icons_position_left e-con e-child\" data-id=\"93639b1\" data-element_type=\"container\" data-e-type=\"container\">\n\t\t<div data-animation-type=\"block\" class=\"elementor-element elementor-element-baa98c2 e-con-full e-flex sc_layouts_column_icons_position_left animation_type_block elementor-invisible e-con e-child\" data-id=\"baa98c2\" data-element_type=\"container\" data-e-type=\"container\" data-settings=\"{&quot;animation&quot;:&quot;ta_fadeinup&quot;}\">\n\t\t\t\t<div class=\"elementor-element elementor-element-a2fe311 elementor-widget__width-initial sc_fly_static elementor-widget elementor-widget-heading\" data-id=\"a2fe311\" data-element_type=\"widget\" data-e-type=\"widget\" data-widget_type=\"heading.default\">\n\t\t\t\t<div class=\"elementor-widget-container\">\n\t\t\t\t\t<h1 class=\"elementor-heading-title elementor-size-default\">Vous avez une question ? Contactez-nous  !<\/h1>\t\t\t\t<\/div>\n\t\t\t\t<\/div>\n\t\t\t\t<div class=\"elementor-element elementor-element-6c0e4ae elementor-widget__width-initial sc_fly_static elementor-widget elementor-widget-text-editor\" data-id=\"6c0e4ae\" data-element_type=\"widget\" data-e-type=\"widget\" data-widget_type=\"text-editor.default\">\n\t\t\t\t<div class=\"elementor-widget-container\">\n\t\t\t\t\t\t\t\t\t<p>Toute l\u2019\u00e9quipe de Millau Aventure est \u00e0 votre \u00e9coute ! N\u2019h\u00e9sitez pas \u00e0 nous joindre pour toute question ou conseil.<\/p>\t\t\t\t\t\t\t\t<\/div>\n\t\t\t\t<\/div>\n\t\t\t\t<div class=\"elementor-element elementor-element-0a463b8 trx-addons-icon-list-traditional elementor-list-item-link-inline trx-addons-icon-left sc_fly_static elementor-widget elementor-widget-trx_elm_icon_list\" data-id=\"0a463b8\" data-element_type=\"widget\" data-e-type=\"widget\" data-widget_type=\"trx_elm_icon_list.default\">\n\t\t\t\t<div class=\"elementor-widget-container\">\n\t\t\t\t\t\t\t<div class=\"trx-addons-list-container\">\n\t\t\t<ul class=\"trx-addons-list-items\">\n\t\t\t\t\t\t\t\t\t\t\t\t\t\t\t\t\t\t\t\t\t<li class=\"trx-addons-icon-list-item trx-addons-icon-list-item-without-link elementor-repeater-item-2039fe8\">\n\t\t\t\t\t\t\t\t\t\t<span class=\"trx-addons-icon-wrapper\">\n\t\t\t\t\t\t\t\t\t\t<span class=\"trx-addons-icon-list-icon trx-addons-icon \">\n\t\t\t\t\t\t<svg xmlns=\"http:\/\/www.w3.org\/2000\/svg\" viewBox=\"0 0 17.11 19.63\"><path class=\"cls-1\" d=\"M8.56,11.78c-1.94,0-3.51-1.57-3.51-3.51s1.57-3.51,3.51-3.51,3.51,1.57,3.51,3.51-1.58,3.51-3.51,3.51Zm0-5.72c-1.22,0-2.21,.99-2.21,2.21s.99,2.21,2.21,2.21,2.21-.99,2.21-2.21-.99-2.21-2.21-2.21Z\"><\/path><path class=\"cls-1\" d=\"M8.56,19.63c-1.35,0-2.7-.51-3.76-1.52C2.1,15.52-.88,11.39,.24,6.46H.24C1.26,2,5.15,0,8.55,0h0c3.41,0,7.3,2,8.31,6.46,1.12,4.93-1.87,9.06-4.57,11.65-1.05,1.01-2.4,1.52-3.75,1.52ZM1.51,6.74c-.98,4.34,1.74,8.07,4.19,10.43,1.6,1.54,4.11,1.54,5.71,0,2.46-2.36,5.18-6.08,4.2-10.43-.91-4.02-4.37-5.45-7.05-5.45h0C5.87,1.3,2.42,2.73,1.51,6.74h0Z\"><\/path><\/svg><\/span>\t\t\t<\/span>\n\t\t\t\t\t\t\t\t\t\t<p class=\"trx-addons-icon-list-text\">\n\t\t\t\t\t\t\t\tPlace du 19 Mars 1962 - 12100 Creissels\t\t\t\t\t\t\t<\/p>\n\t\t\t\t\t\t\t\t\t\t\t\t\t<\/li>\n\t\t\t\t\t\t\t\t\t\t\t\t\t<\/ul>\n\t\t<\/div>\n\t\t\t\t\t\t<\/div>\n\t\t\t\t<\/div>\n\t\t\t\t<div class=\"elementor-element elementor-element-74c1c82 trx-addons-icon-list-traditional elementor-list-item-link-inline trx-addons-icon-left sc_fly_static elementor-widget elementor-widget-trx_elm_icon_list\" data-id=\"74c1c82\" data-element_type=\"widget\" data-e-type=\"widget\" data-widget_type=\"trx_elm_icon_list.default\">\n\t\t\t\t<div class=\"elementor-widget-container\">\n\t\t\t\t\t\t\t<div class=\"trx-addons-list-container\">\n\t\t\t<ul class=\"trx-addons-list-items\">\n\t\t\t\t\t\t\t\t\t\t\t\t\t\t\t\t\t\t\t\t\t<li class=\"trx-addons-icon-list-item trx-addons-icon-list-item-with-link elementor-repeater-item-2039fe8\">\n\t\t\t\t\t\t\t\t\t\t\t\t\t\t\t<a href=\"tel:+33%20(0)5%2065%2059%2012%2041\">\n\t\t\t\t\t\t\t\t\t\t\t<span class=\"trx-addons-icon-wrapper\">\n\t\t\t\t\t\t\t\t\t\t<span class=\"trx-addons-icon-list-icon trx-addons-icon \">\n\t\t\t\t\t\t<svg xmlns=\"http:\/\/www.w3.org\/2000\/svg\" viewBox=\"0 0 15.3 20.3\"><path d=\"M10.27,20.3H5.02c-3.85,0-5.02-1.26-5.02-5.4V5.4C0,1.26,1.17,0,5.02,0h5.25c3.85,0,5.03,1.26,5.03,5.4V14.9c0,4.14-1.17,5.4-5.03,5.4ZM5.02,1.3C1.89,1.3,1.3,1.95,1.3,5.4V14.9c0,3.45,.59,4.1,3.73,4.1h5.25c3.13,0,3.72-.65,3.72-4.1V5.4c0-3.45-.59-4.1-3.72-4.1H5.02Z\"><\/path><path d=\"M9.4,4.62h-3.5c-.36,0-.65-.29-.65-.65s.29-.65,.65-.65h3.5c.36,0,.65,.29,.65,.65s-.29,.65-.65,.65Z\"><\/path><path d=\"M7.65,17.55c-1.11,0-2.01-.95-2.01-2.12s.9-2.12,2.01-2.12,2.01,.95,2.01,2.12-.9,2.12-2.01,2.12Zm0-2.95c-.39,0-.71,.37-.71,.82s.32,.82,.71,.82,.71-.37,.71-.82-.32-.82-.71-.82Z\"><\/path><\/svg><\/span>\t\t\t<\/span>\n\t\t\t\t\t\t\t\t\t\t<h6 class=\"trx-addons-icon-list-text\">\n\t\t\t\t\t\t\t\t+33 (0)5 65 59 12 41\t\t\t\t\t\t\t<\/h6>\n\t\t\t\t\t\t\t\t\t\t\t\t\t\t\t<\/a>\n\t\t\t\t\t\t\t\t\t\t\t\t\t\t<\/li>\n\t\t\t\t\t\t\t\t\t\t\t\t\t<\/ul>\n\t\t<\/div>\n\t\t\t\t\t\t<\/div>\n\t\t\t\t<\/div>\n\t\t\t\t<div class=\"elementor-element elementor-element-6bcb642 trx-addons-icon-list-traditional elementor-list-item-link-inline trx-addons-icon-left sc_fly_static elementor-widget elementor-widget-trx_elm_icon_list\" data-id=\"6bcb642\" data-element_type=\"widget\" data-e-type=\"widget\" data-widget_type=\"trx_elm_icon_list.default\">\n\t\t\t\t<div class=\"elementor-widget-container\">\n\t\t\t\t\t\t\t<div class=\"trx-addons-list-container\">\n\t\t\t<ul class=\"trx-addons-list-items\">\n\t\t\t\t\t\t\t\t\t\t\t\t\t\t\t\t\t\t\t\t\t<li class=\"trx-addons-icon-list-item trx-addons-icon-list-item-with-link elementor-repeater-item-2039fe8\">\n\t\t\t\t\t\t\t\t\t\t\t\t\t\t\t<a href=\"mailto:millau.aventure@gmail.com\">\n\t\t\t\t\t\t\t\t\t\t\t<span class=\"trx-addons-icon-wrapper\">\n\t\t\t\t\t\t\t\t\t\t<span class=\"trx-addons-icon-list-icon trx-addons-icon \">\n\t\t\t\t\t\t<svg xmlns=\"http:\/\/www.w3.org\/2000\/svg\" width=\"24\" height=\"21\" viewBox=\"0 0 17.893 15.383\"><g transform=\"translate(-893 -536)\"><path d=\"M4.833.316h8.333A4.867,4.867,0,0,1,16.6,1.466a4.715,4.715,0,0,1,1.338,3.617v5.833A4.715,4.715,0,0,1,16.6,14.533a4.867,4.867,0,0,1-3.429,1.15H4.833A4.867,4.867,0,0,1,1.4,14.533,4.715,4.715,0,0,1,.066,10.916V5.083A4.715,4.715,0,0,1,1.4,1.466,4.867,4.867,0,0,1,4.833.316Zm8.333,14.167a3.725,3.725,0,0,0,2.613-.829,3.582,3.582,0,0,0,.954-2.737V5.083a3.582,3.582,0,0,0-.954-2.737,3.725,3.725,0,0,0-2.613-.829H4.833a3.725,3.725,0,0,0-2.613.829,3.582,3.582,0,0,0-.954,2.737v5.833a3.582,3.582,0,0,0,.954,2.737,3.725,3.725,0,0,0,2.613.829Z\" transform=\"translate(892.945 535.692)\"><\/path><path d=\"M12,12.835a3.731,3.731,0,0,1-2.323-.772l-3.122-2.5a.72.72,0,1,1,.9-1.124l3.12,2.5a2.434,2.434,0,0,0,2.851,0l3.129-2.5a.72.72,0,0,1,.9,1.125l-3.13,2.5A3.731,3.731,0,0,1,12,12.835Z\" transform=\"translate(889.942 533.134)\"><\/path><\/g><\/svg><\/span>\t\t\t<\/span>\n\t\t\t\t\t\t\t\t\t\t<p class=\"trx-addons-icon-list-text\">\n\t\t\t\t\t\t\t\tmillau.aventure@gmail.com\t\t\t\t\t\t\t<\/p>\n\t\t\t\t\t\t\t\t\t\t\t\t\t\t\t<\/a>\n\t\t\t\t\t\t\t\t\t\t\t\t\t\t<\/li>\n\t\t\t\t\t\t\t\t\t\t\t\t\t<\/ul>\n\t\t<\/div>\n\t\t\t\t\t\t<\/div>\n\t\t\t\t<\/div>\n\t\t\t\t<\/div>\n\t\t<div data-animation-type=\"block\" class=\"elementor-element elementor-element-cdbb09a e-con-full e-flex sc_layouts_column_icons_position_left animation_type_block elementor-invisible e-con e-child\" data-id=\"cdbb09a\" data-element_type=\"container\" data-e-type=\"container\" data-settings=\"{&quot;animation&quot;:&quot;ta_fadeinup&quot;,&quot;animation_delay&quot;:100}\">\n\t\t\t\t<div class=\"elementor-element elementor-element-851ab6b sc_fly_static elementor-widget elementor-widget-wpforms\" data-id=\"851ab6b\" data-element_type=\"widget\" data-e-type=\"widget\" data-widget_type=\"wpforms.default\">\n\t\t\t\t<div class=\"elementor-widget-container\">\n\t\t\t\t\t<div class=\"wpforms-container wpforms-container-full wpforms-render-modern\" id=\"wpforms-3671\"><form id=\"wpforms-form-3671\" class=\"wpforms-validate wpforms-form wpforms-ajax-form\" data-formid=\"3671\" method=\"post\" enctype=\"multipart\/form-data\" action=\"\/en\/wp-json\/wp\/v2\/pages\/470\" data-token=\"aa3b9ec2ec4ca428dbbc1f391a64c866\" data-token-time=\"1776435175\"><noscript class=\"wpforms-error-noscript\">Please enable JavaScript in your browser to complete this form.<\/noscript><div id=\"wpforms-error-noscript\" style=\"display: none;\">Please enable JavaScript in your browser to complete this form.<\/div><div class=\"wpforms-field-container\"><div id=\"wpforms-3671-field_1-container\" class=\"wpforms-field wpforms-field-name\" data-field-id=\"1\"><fieldset><legend class=\"wpforms-field-label\">Nom <span class=\"wpforms-required-label\" aria-hidden=\"true\">*<\/span><\/legend><div class=\"wpforms-field-row wpforms-field-large\"><div class=\"wpforms-field-row-block wpforms-first wpforms-one-half\"><input type=\"text\" id=\"wpforms-3671-field_1\" class=\"wpforms-field-name-first wpforms-field-required\" name=\"wpforms[fields][1][first]\" aria-errormessage=\"wpforms-3671-field_1-error\" required><label for=\"wpforms-3671-field_1\" class=\"wpforms-field-sublabel after\">First<\/label><\/div><div class=\"wpforms-field-row-block wpforms-one-half\"><input type=\"text\" id=\"wpforms-3671-field_1-last\" class=\"wpforms-field-name-last wpforms-field-required\" name=\"wpforms[fields][1][last]\" aria-errormessage=\"wpforms-3671-field_1-last-error\" required><label for=\"wpforms-3671-field_1-last\" class=\"wpforms-field-sublabel after\">Last<\/label><\/div><\/div><\/fieldset><\/div><div id=\"wpforms-3671-field_2-container\" class=\"wpforms-field wpforms-field-email\" data-field-id=\"2\"><label class=\"wpforms-field-label\" for=\"wpforms-3671-field_2\">E-mail <span class=\"wpforms-required-label\" aria-hidden=\"true\">*<\/span><\/label><input type=\"email\" id=\"wpforms-3671-field_2\" class=\"wpforms-field-large wpforms-field-required\" name=\"wpforms[fields][2]\" spellcheck=\"false\" aria-errormessage=\"wpforms-3671-field_2-error\" required><\/div>\t\t<div id=\"wpforms-3671-field_4-container\"\n\t\t\tclass=\"wpforms-field wpforms-field-text\"\n\t\t\tdata-field-type=\"text\"\n\t\t\tdata-field-id=\"4\"\n\t\t\t>\n\t\t\t<label class=\"wpforms-field-label\" for=\"wpforms-3671-field_4\" >E-mail Nom Message<\/label>\n\t\t\t<input type=\"text\" id=\"wpforms-3671-field_4\" class=\"wpforms-field-medium\" name=\"wpforms[fields][4]\" >\n\t\t<\/div>\n\t\t<div id=\"wpforms-3671-field_3-container\" class=\"wpforms-field wpforms-field-textarea\" data-field-id=\"3\"><label class=\"wpforms-field-label\" for=\"wpforms-3671-field_3\">Message<\/label><textarea id=\"wpforms-3671-field_3\" class=\"wpforms-field-medium\" name=\"wpforms[fields][3]\" aria-errormessage=\"wpforms-3671-field_3-error\" ><\/textarea><\/div><script>\n\t\t\t\t( function() {\n\t\t\t\t\tconst style = document.createElement( 'style' );\n\t\t\t\t\tstyle.appendChild( document.createTextNode( '#wpforms-3671-field_4-container { position: absolute !important; overflow: hidden !important; display: inline !important; height: 1px !important; width: 1px !important; z-index: -1000 !important; padding: 0 !important; } #wpforms-3671-field_4-container input { visibility: hidden; } #wpforms-conversational-form-page #wpforms-3671-field_4-container label { counter-increment: none; }' ) );\n\t\t\t\t\tdocument.head.appendChild( style );\n\t\t\t\t\tdocument.currentScript?.remove();\n\t\t\t\t} )();\n\t\t\t<\/script><\/div><!-- .wpforms-field-container --><div class=\"wpforms-submit-container\" ><input type=\"hidden\" name=\"wpforms[id]\" value=\"3671\"><input type=\"hidden\" name=\"page_title\" value=\"\"><input type=\"hidden\" name=\"page_url\" value=\"https:\/\/millau-aventure.com\/en\/wp-json\/wp\/v2\/pages\/470\"><input type=\"hidden\" name=\"url_referer\" value=\"\"><button type=\"submit\" name=\"wpforms[submit]\" id=\"wpforms-submit-3671\" class=\"wpforms-submit\" data-alt-text=\"Envoi...\" data-submit-text=\"Envoyer le message\" aria-live=\"assertive\" value=\"wpforms-submit\">Envoyer le message<\/button><img decoding=\"async\" src=\"https:\/\/millau-aventure.com\/wp-content\/plugins\/wpforms-lite\/assets\/images\/submit-spin.svg\" class=\"wpforms-submit-spinner\" style=\"display: none;\" width=\"26\" height=\"26\" alt=\"Loading\"><\/div><\/form><\/div>  <!-- .wpforms-container -->\t\t\t\t<\/div>\n\t\t\t\t<\/div>\n\t\t\t\t<\/div>\n\t\t\t\t<\/div>\n\t\t\t\t\t<\/div>\n\t\t\t\t<\/div>\n\t\t<div class=\"elementor-element elementor-element-2dc757e e-flex e-con-boxed sc_layouts_column_icons_position_left e-con e-parent\" data-id=\"2dc757e\" data-element_type=\"container\" data-e-type=\"container\">\n\t\t\t\t\t<div class=\"e-con-inner\">\n\t\t\t\t<div class=\"elementor-element elementor-element-f48f546 sc_fly_static elementor-widget elementor-widget-html\" data-id=\"f48f546\" data-element_type=\"widget\" data-e-type=\"widget\" data-widget_type=\"html.default\">\n\t\t\t\t<div class=\"elementor-widget-container\">\n\t\t\t\t\t<iframe src=\"https:\/\/www.google.com\/maps\/embed?pb=!1m18!1m12!1m3!1d2865.9005436452608!2d3.0562236554940148!3d44.085407050051515!2m3!1f0!2f0!3f0!3m2!1i1024!2i768!4f13.1!3m3!1m2!1s0x12b24b30725828f3%3A0xf9bcce03900d3792!2sLes%20Bateliers%20du%20Viaduc%20(Millau%20Aventure)!5e0!3m2!1sfr!2sfr!4v1775212895771!5m2!1sfr!2sfr\" width=\"800\" height=\"450\" style=\"border:0;\" allowfullscreen=\"\" loading=\"lazy\" referrerpolicy=\"no-referrer-when-downgrade\"><\/iframe>\t\t\t\t<\/div>\n\t\t\t\t<\/div>\n\t\t\t\t\t<\/div>\n\t\t\t\t<\/div>\n\t\t\t\t<\/div>\n\t\t","protected":false},"excerpt":{"rendered":"<p>Votre aventure commence ici Vous avez une question ? Contactez-nous ! Toute l\u2019\u00e9quipe&hellip;<\/p>","protected":false},"author":1,"featured_media":3494,"parent":0,"menu_order":0,"comment_status":"closed","ping_status":"closed","template":"","meta":{"footnotes":""},"class_list":["post-470","page","type-page","status-publish","has-post-thumbnail","hentry"],"_links":{"self":[{"href":"https:\/\/millau-aventure.com\/en\/wp-json\/wp\/v2\/pages\/470","targetHints":{"allow":["GET"]}}],"collection":[{"href":"https:\/\/millau-aventure.com\/en\/wp-json\/wp\/v2\/pages"}],"about":[{"href":"https:\/\/millau-aventure.com\/en\/wp-json\/wp\/v2\/types\/page"}],"author":[{"embeddable":true,"href":"https:\/\/millau-aventure.com\/en\/wp-json\/wp\/v2\/users\/1"}],"replies":[{"embeddable":true,"href":"https:\/\/millau-aventure.com\/en\/wp-json\/wp\/v2\/comments?post=470"}],"version-history":[{"count":18,"href":"https:\/\/millau-aventure.com\/en\/wp-json\/wp\/v2\/pages\/470\/revisions"}],"predecessor-version":[{"id":3953,"href":"https:\/\/millau-aventure.com\/en\/wp-json\/wp\/v2\/pages\/470\/revisions\/3953"}],"wp:featuredmedia":[{"embeddable":true,"href":"https:\/\/millau-aventure.com\/en\/wp-json\/wp\/v2\/media\/3494"}],"wp:attachment":[{"href":"https:\/\/millau-aventure.com\/en\/wp-json\/wp\/v2\/media?parent=470"}],"curies":[{"name":"wp","href":"https:\/\/api.w.org\/{rel}","templated":true}]}}